{"id":3359,"date":"2015-03-19T17:54:23","date_gmt":"2015-03-19T17:54:23","guid":{"rendered":"http:\/\/demo-content.kaliumtheme.com\/main\/?page_id=3359"},"modified":"2025-02-07T14:11:37","modified_gmt":"2025-02-07T13:11:37","slug":"home","status":"publish","type":"page","link":"https:\/\/transistor.to\/pt\/","title":{"rendered":"Home"},"content":{"rendered":"<div class=\"wpb-content-wrapper\"><p>[vc_row full_width=&#8221;stretch_row&#8221; full_height=&#8221;yes&#8221; columns_placement=&#8221;top&#8221; pb_type=&#8221;waves&#8221; wavescolor=&#8221;#777777&#8243; css=&#8221;.vc_custom_1627330700811{margin-top: 100px !important;}&#8221;][vc_column][vc_column_text css_animation=&#8221;fadeIn&#8221; css=&#8221;.vc_custom_1738933426082{margin-top: 0px !important;margin-right: 0px !important;margin-bottom: 0px !important;margin-left: 0px !important;padding-top: 0px !important;padding-right: 0px !important;padding-bottom: 0px !important;padding-left: 0px !important;}&#8221;]<\/p>\n<h1><img loading=\"lazy\" decoding=\"async\" class=\"wp-image-4319 size-full alignnone\" src=\"https:\/\/transistor.to\/wp-content\/uploads\/2021\/07\/android-chrome-192x192-1.png\" alt=\"We Are transistor\" width=\"114\" height=\"114\" \/><br \/>\nSOMOS TRANSISTOR,<\/h1>\n<p>O coletivo criativo para<br \/>\nExperi\u00eancias e instala\u00e7\u00f5es orientadas para a tecnologia.[\/vc_column_text][vc_empty_space height=&#8221;100px&#8221;][\/vc_column][\/vc_row][vc_row][vc_column offset=&#8221;vc_hidden-sm vc_hidden-xs&#8221;][vc_column_text css=&#8221;&#8221;]<\/p>\n<h1 style=\"text-align: center;\">Ligamos o digital e o f\u00edsico, as marcas e a arte, a criatividade e a cria\u00e7\u00e3o<br \/>\npara despertar experi\u00eancias, emo\u00e7\u00f5es e mudan\u00e7as.<\/h1>\n<p>[\/vc_column_text][vc_empty_space height=&#8221;100px&#8221;][\/vc_column][\/vc_row][vc_row][vc_column][vc_single_image image=&#8221;4399&#8243; img_size=&#8221;full&#8221; add_caption=&#8221;yes&#8221; alignment=&#8221;center&#8221;][\/vc_column][\/vc_row][vc_row][vc_column][vc_column_text]<\/p>\n<div class=\"page\" title=\"Page 11\">\n<div class=\"section\">\n<div class=\"layoutArea\">\n<div class=\"column\">\n<p style=\"text-align: center;\">We break barriers to engineer remarkable experiences.<\/p>\n<\/div>\n<\/div>\n<\/div>\n<\/div>\n<p>[\/vc_column_text][vc_column_text css=&#8221;&#8221;]<\/p>\n<div class=\"page\" title=\"Page 11\">\n<div class=\"section\">\n<div class=\"layoutArea\">\n<div class=\"column\">\n<p><span style=\"color: #333333;\"><strong>As pessoas comuns podem dizer que fazemos magia, mas n\u00f3s apenas exploramos os limites at\u00e9 estes deixarem de existir para criar experi\u00eancias extraordin\u00e1rias.<\/strong><\/span><\/p>\n<p>Colocamos a inova\u00e7\u00e3o, a tecnologia, a criatividade, os c\u00e9rebros estranhos e as m\u00e3os suadas ao servi\u00e7o da sua marca. Dos humanos.<\/p>\n<p>Pensamos, projectamos, exploramos, experimentamos, constru\u00edmos, reconstru\u00edmos, destru\u00edmos, jogamos, criamos. Damos vida \u00e0s coisas.<\/p>\n<p>Estamos no terreno, seja ele um Museu, um Festival, uma Festa, a sua Sede, a sua Loja, um Parque Nacional.<\/p>\n<\/div>\n<\/div>\n<\/div>\n<\/div>\n<p>[\/vc_column_text][\/vc_column][\/vc_row][vc_row][vc_column][vc_column_text css_animation=&#8221;none&#8221; css=&#8221;&#8221;]<\/p>\n<h1 style=\"text-align: center;\">Entregamos algo novo, \u00fanico, talvez um pouco louco, mas certamente fant\u00e1stico, que faz com que a sua marca se destaque e encante o esp\u00edrito humano.<\/h1>\n<p>[\/vc_column_text][vc_empty_space height=&#8221;100px&#8221;][\/vc_column][\/vc_row][vc_row][vc_column][vc_single_image image=&#8221;4400&#8243; img_size=&#8221;full&#8221; add_caption=&#8221;yes&#8221; alignment=&#8221;center&#8221;][lab_divider title=&#8221;What are we made of&#8221;][\/vc_column][\/vc_row][vc_row][vc_column width=&#8221;1\/4&#8243;][vc_text_separator title=&#8221;Sem medo&#8221; css=&#8221;&#8221;][vc_column_text css=&#8221;&#8221;]Somos movidos pelo desconhecido. No fundo, somos pioneiros, criadores por projeto e engenheiros por profiss\u00e3o. Quando outros podem ficar assustados com a falta de certezas, n\u00f3s ficamos entusiasmados com a oportunidade de construir respostas.[\/vc_column_text][\/vc_column][vc_column width=&#8221;1\/4&#8243;][vc_text_separator title=&#8221;Admira\u00e7\u00e3o&#8221; css=&#8221;&#8221;][vc_column_text css=&#8221;&#8221;]Questionamos tudo. Nunca nos acomodamos verdadeiramente, pois a tecnologia nunca p\u00e1ra de evoluir e surgem infinitas possibilidades todos os dias. Alguns homens v\u00eaem as coisas como elas s\u00e3o e dizem porqu\u00ea, n\u00f3s sonhamos com coisas que nunca foram e dizemos: Porque n\u00e3o?[\/vc_column_text][\/vc_column][vc_column width=&#8221;1\/4&#8243;][vc_text_separator title=&#8221;Abertura&#8221; css=&#8221;&#8221;][vc_column_text css=&#8221;&#8221;]Acreditamos que o nosso melhor trabalho s\u00f3 pode ser feito quando os nossos clientes confiam em n\u00f3s. E por isso trabalhamos todos os dias para ganhar e honrar essa confian\u00e7a. A honestidade, a integridade, a transpar\u00eancia, o di\u00e1logo e a empatia s\u00e3o muito importantes. Porque n\u00f3s constru\u00edmos m\u00e1quinas, mas somos humanos.[\/vc_column_text][\/vc_column][vc_column width=&#8221;1\/4&#8243;][vc_text_separator title=&#8221;Colabora\u00e7\u00e3o&#8221; css=&#8221;&#8221;][vc_column_text css=&#8221;&#8221;]Esfor\u00e7amo-nos por criar uma comunidade onde engenheiros e criadores, estrategas e designers, sonhadores e executantes se juntam para dar vida a mecanismos. As nossas portas est\u00e3o sempre abertas. O nosso conhecimento \u00e9 para ser partilhado.[\/vc_column_text][\/vc_column][vc_column][vc_empty_space height=&#8221;100px&#8221;][\/vc_column][\/vc_row][vc_row][vc_column][vc_single_image image=&#8221;4404&#8243; img_size=&#8221;full&#8221; add_caption=&#8221;yes&#8221; alignment=&#8221;center&#8221; onclick=&#8221;custom_link&#8221; img_link_target=&#8221;_blank&#8221; link=&#8221;https:\/\/jean-remy.com\/carpediemproject&#8221;][vc_empty_space height=&#8221;100px&#8221;][\/vc_column][\/vc_row][vc_row][vc_column][vc_column_text]<\/p>\n<p><style id=\"sp_testimonial_dynamic_css4450\">#sp-testimonial-free-wrapper-4450 .sp-testimonial-free-section .testimonial-pagination span.swiper-pagination-bullet{background: #ededed;}#sp-testimonial-free-wrapper-4450 .sp-testimonial-free-section .testimonial-pagination span.swiper-pagination-bullet.swiper-pagination-bullet-active{background: #1c1c1c;}#sp-testimonial-free-wrapper-4450 .sp-testimonial-free-section{margin-bottom: 50px;}#sp-testimonial-free-wrapper-4450 .sp-testimonial-free-section .sp-testimonial-client-designation{color: #444444;}#sp-testimonial-free-wrapper-4450 .sp-testimonial-free-section .sp-testimonial-client-name{color: #333333;}#sp-testimonial-free-wrapper-4450 .sp-testimonial-free-section .sp-testimonial-client-testimonial{color: #333333;}#sp-testimonial-free-wrapper-4450 .sp-testimonial-free {background : transparent;border: 1px solid transparent;border-radius: 0px;}<\/style><div id=\"sp-testimonial-free-wrapper-4450\" class=\"sp-testimonial-free-wrapper\"><div id=\"sp-testimonial-free-4450\" class=\"sp-testimonial-free-section tfree-style-theme-one\" dir=\"ltr\" data-preloader=\"\" data-swiper='{&quot;dots&quot;:1,&quot;pagination_type&quot;:&quot;dots&quot;,&quot;spaceBetween&quot;:20,&quot;adaptiveHeight&quot;:false,&quot;pauseOnHover&quot;:true,&quot;slidesToShow&quot;:1,&quot;speed&quot;:600,&quot;arrows&quot;:&quot;0&quot;,&quot;autoplay&quot;:true,&quot;autoplaySpeed&quot;:10000,&quot;swipe&quot;:true,&quot;swipeToSlide&quot;:true,&quot;draggable&quot;:true,&quot;freeMode&quot;:false,&quot;rtl&quot;:false,&quot;infinite&quot;:true,&quot;slidesPerView&quot;:{&quot;lg_desktop&quot;:1,&quot;desktop&quot;:1,&quot;laptop&quot;:1,&quot;tablet&quot;:1,&quot;mobile&quot;:1},&quot;navigation_mobile&quot;:true,&quot;pagination_mobile&quot;:true,&quot;autoplay_mobile&quot;:true}' ><div class=\"swiper-wrapper\"><div class=\"sp-testimonial-item swiper-slide\"><div class=\"sp-testimonial-free\"><div class=\"sp-testimonial-client-testimonial\"><div class=\"sp-testimonial-content\"><h2>&#8220;Working brands makes us dream. Dreaming of ideas, projects, activations and everything that often seems impossible to make happen. Fortunately I have had many of these dreams and when they wake up I wake up to this harsh but challenging reality, now what? How can we make this possible? That&#8217;s how I met Vasco, the man to whom I&#8217;ve never heard the word \u201cimpossible\u201d, the professional who dreams beyond my dream, and the natural talent that designs solutions that make things happen. \u201cThe maker\u201d is also how I \u201csell\u201d him to other dreamers&#8221;<\/h2><\/div><\/div><h4 class=\"sp-testimonial-client-name\">Tom\u00e1s Froes<\/h4> <div class=\"sp-testimonial-client-designation\">Founder\/PARTNERS\/Lisbon<\/div><\/div> <\/div> <div class=\"sp-testimonial-item swiper-slide\"><div class=\"sp-testimonial-free\"><div class=\"sp-testimonial-client-testimonial\"><div class=\"sp-testimonial-content\"><h2>&#8220;Never before have I worked with a technician who had such a deep<br \/>understanding of creative excellence. No matter what I came up with,<br \/>Vasco tweaked it to the top.&#8221;<\/h2><\/div><\/div><h4 class=\"sp-testimonial-client-name\">Jean-Remy von Matt<\/h4> <div class=\"sp-testimonial-client-designation\">Artist\/JVM Founder\/Germany<\/div><\/div> <\/div> <div class=\"sp-testimonial-item swiper-slide\"><div class=\"sp-testimonial-free\"><div class=\"sp-testimonial-client-testimonial\"><div class=\"sp-testimonial-content\"><h2>&#8220;Vasco is an excellent professional, dedicated, talented and focused in<br \/>solving the customer\u2019s problem. As a plus, he has a super good mood,<br \/>which always lower stress levels, even on those jobs almost impossible to solve.&#8221;<\/h2><\/div><\/div><h4 class=\"sp-testimonial-client-name\">Jos\u00e9 Neto<\/h4> <div class=\"sp-testimonial-client-designation\">creative director\/Lew\u2019Lara\/S\u00e3o Paulo<\/div><\/div> <\/div> <\/div><div class=\"swiper-pagination testimonial-pagination\"><\/div><\/div><\/div>[\/vc_column_text][vc_empty_space height=&#8221;100px&#8221;][\/vc_column][\/vc_row]<\/p>\n<\/div>","protected":false},"excerpt":{"rendered":"<p>[vc_row full_width=&#8221;stretch_row&#8221; full_height=&#8221;yes&#8221; columns_placement=&#8221;top&#8221; pb_type=&#8221;waves&#8221; wavescolor=&#8221;#777777&#8243; css=&#8221;.vc_custom_1627330700811{margin-top: 100px !important;}&#8221;][vc_column][vc_column_text css_animation=&#8221;fadeIn&#8221; css=&#8221;.vc_custom_1738933426082{margin-top: 0px !important;margin-right: 0px !important;margin-bottom: 0px !important;margin-left: 0px !important;padding-top: 0px !important;padding-right: 0px !important;padding-bottom: 0px !important;padding-left: 0px !important;}&#8221;] SOMOS TRANSISTOR, O coletivo criativo para Experi\u00eancias e instala\u00e7\u00f5es orientadas para a tecnologia.[\/vc_column_text][vc_empty_space height=&#8221;100px&#8221;][\/vc_column][\/vc_row][vc_row][vc_column offset=&#8221;vc_hidden-sm vc_hidden-xs&#8221;][vc_column_text css=&#8221;&#8221;] Ligamos o digital e o f\u00edsico, as marcas e a arte,&hellip;<\/p>\n","protected":false},"author":2,"featured_media":0,"parent":0,"menu_order":0,"comment_status":"open","ping_status":"open","template":"","meta":{"_acf_changed":false,"footnotes":""},"class_list":["post-3359","page","type-page","status-publish","hentry"],"acf":[],"_links":{"self":[{"href":"https:\/\/transistor.to\/pt\/wp-json\/wp\/v2\/pages\/3359","targetHints":{"allow":["GET"]}}],"collection":[{"href":"https:\/\/transistor.to\/pt\/wp-json\/wp\/v2\/pages"}],"about":[{"href":"https:\/\/transistor.to\/pt\/wp-json\/wp\/v2\/types\/page"}],"author":[{"embeddable":true,"href":"https:\/\/transistor.to\/pt\/wp-json\/wp\/v2\/users\/2"}],"replies":[{"embeddable":true,"href":"https:\/\/transistor.to\/pt\/wp-json\/wp\/v2\/comments?post=3359"}],"version-history":[{"count":84,"href":"https:\/\/transistor.to\/pt\/wp-json\/wp\/v2\/pages\/3359\/revisions"}],"predecessor-version":[{"id":4858,"href":"https:\/\/transistor.to\/pt\/wp-json\/wp\/v2\/pages\/3359\/revisions\/4858"}],"wp:attachment":[{"href":"https:\/\/transistor.to\/pt\/wp-json\/wp\/v2\/media?parent=3359"}],"curies":[{"name":"wp","href":"https:\/\/api.w.org\/{rel}","templated":true}]}}